{"id":740,"date":"2025-08-09T09:57:21","date_gmt":"2025-08-09T09:57:21","guid":{"rendered":"http:\/\/sostremetries.cat\/?page_id=740"},"modified":"2025-08-09T10:59:19","modified_gmt":"2025-08-09T10:59:19","slug":"740-2","status":"publish","type":"page","link":"http:\/\/sostremetries.cat\/index.php\/740-2\/","title":{"rendered":""},"content":{"rendered":"\n<p class=\"has-medium-font-size\"><strong>Campanya 2024<\/strong> &#8211; Dosmils de C\u00f2rsega<\/p>\n\n\n\n<div class=\"wp-block-columns is-layout-flex wp-container-core-columns-is-layout-9d6595d7 wp-block-columns-is-layout-flex\">\n<div class=\"wp-block-column is-layout-flow wp-block-column-is-layout-flow\">\n<figure class=\"wp-block-image size-full\"><img loading=\"lazy\" decoding=\"async\" width=\"750\" height=\"750\" src=\"http:\/\/sostremetries.cat\/wp-content\/uploads\/2025\/01\/CORSE-LLISTA-0.jpg\" alt=\"\" class=\"wp-image-669\" srcset=\"http:\/\/sostremetries.cat\/wp-content\/uploads\/2025\/01\/CORSE-LLISTA-0.jpg 750w, http:\/\/sostremetries.cat\/wp-content\/uploads\/2025\/01\/CORSE-LLISTA-0-300x300.jpg 300w, http:\/\/sostremetries.cat\/wp-content\/uploads\/2025\/01\/CORSE-LLISTA-0-150x150.jpg 150w\" sizes=\"auto, (max-width: 750px) 100vw, 750px\" \/><\/figure>\n<\/div>\n\n\n\n<div class=\"wp-block-column is-layout-flow wp-block-column-is-layout-flow\">\n<figure class=\"wp-block-image size-full\"><img loading=\"lazy\" decoding=\"async\" width=\"750\" height=\"750\" src=\"http:\/\/sostremetries.cat\/wp-content\/uploads\/2025\/01\/CORSE-LLISTA-1.jpg\" alt=\"\" class=\"wp-image-670\" srcset=\"http:\/\/sostremetries.cat\/wp-content\/uploads\/2025\/01\/CORSE-LLISTA-1.jpg 750w, http:\/\/sostremetries.cat\/wp-content\/uploads\/2025\/01\/CORSE-LLISTA-1-300x300.jpg 300w, http:\/\/sostremetries.cat\/wp-content\/uploads\/2025\/01\/CORSE-LLISTA-1-150x150.jpg 150w\" sizes=\"auto, (max-width: 750px) 100vw, 750px\" \/><\/figure>\n<\/div>\n\n\n\n<div class=\"wp-block-column is-layout-flow wp-block-column-is-layout-flow\">\n<figure class=\"wp-block-image size-full\"><img loading=\"lazy\" decoding=\"async\" width=\"750\" height=\"750\" src=\"http:\/\/sostremetries.cat\/wp-content\/uploads\/2025\/01\/CORSE-LLISTA-2.jpg\" alt=\"\" class=\"wp-image-671\" srcset=\"http:\/\/sostremetries.cat\/wp-content\/uploads\/2025\/01\/CORSE-LLISTA-2.jpg 750w, http:\/\/sostremetries.cat\/wp-content\/uploads\/2025\/01\/CORSE-LLISTA-2-300x300.jpg 300w, http:\/\/sostremetries.cat\/wp-content\/uploads\/2025\/01\/CORSE-LLISTA-2-150x150.jpg 150w\" sizes=\"auto, (max-width: 750px) 100vw, 750px\" \/><\/figure>\n<\/div>\n\n\n\n<div class=\"wp-block-column is-layout-flow wp-block-column-is-layout-flow\">\n<figure class=\"wp-block-image size-full\"><img loading=\"lazy\" decoding=\"async\" width=\"750\" height=\"750\" src=\"http:\/\/sostremetries.cat\/wp-content\/uploads\/2025\/01\/CORSE-LLISTA-3.jpg\" alt=\"\" class=\"wp-image-672\" srcset=\"http:\/\/sostremetries.cat\/wp-content\/uploads\/2025\/01\/CORSE-LLISTA-3.jpg 750w, http:\/\/sostremetries.cat\/wp-content\/uploads\/2025\/01\/CORSE-LLISTA-3-300x300.jpg 300w, http:\/\/sostremetries.cat\/wp-content\/uploads\/2025\/01\/CORSE-LLISTA-3-150x150.jpg 150w\" sizes=\"auto, (max-width: 750px) 100vw, 750px\" \/><\/figure>\n<\/div>\n<\/div>\n\n\n\n<div class=\"wp-block-columns is-layout-flex wp-container-core-columns-is-layout-9d6595d7 wp-block-columns-is-layout-flex\">\n<div class=\"wp-block-column is-layout-flow wp-block-column-is-layout-flow\">\n<figure class=\"wp-block-image size-full\"><img loading=\"lazy\" decoding=\"async\" width=\"750\" height=\"750\" src=\"http:\/\/sostremetries.cat\/wp-content\/uploads\/2025\/01\/CORSE-LLISTA-4.jpg\" alt=\"\" class=\"wp-image-673\" srcset=\"http:\/\/sostremetries.cat\/wp-content\/uploads\/2025\/01\/CORSE-LLISTA-4.jpg 750w, http:\/\/sostremetries.cat\/wp-content\/uploads\/2025\/01\/CORSE-LLISTA-4-300x300.jpg 300w, http:\/\/sostremetries.cat\/wp-content\/uploads\/2025\/01\/CORSE-LLISTA-4-150x150.jpg 150w\" sizes=\"auto, (max-width: 750px) 100vw, 750px\" \/><\/figure>\n<\/div>\n\n\n\n<div class=\"wp-block-column is-layout-flow wp-block-column-is-layout-flow\">\n<figure class=\"wp-block-image size-full\"><img loading=\"lazy\" decoding=\"async\" width=\"750\" height=\"750\" src=\"http:\/\/sostremetries.cat\/wp-content\/uploads\/2025\/01\/CORSE-LLISTA-5.jpg\" alt=\"\" class=\"wp-image-674\" srcset=\"http:\/\/sostremetries.cat\/wp-content\/uploads\/2025\/01\/CORSE-LLISTA-5.jpg 750w, http:\/\/sostremetries.cat\/wp-content\/uploads\/2025\/01\/CORSE-LLISTA-5-300x300.jpg 300w, http:\/\/sostremetries.cat\/wp-content\/uploads\/2025\/01\/CORSE-LLISTA-5-150x150.jpg 150w\" sizes=\"auto, (max-width: 750px) 100vw, 750px\" \/><\/figure>\n<\/div>\n\n\n\n<div class=\"wp-block-column is-layout-flow wp-block-column-is-layout-flow\">\n<p>Podeu consultar la llisa de dosmils de C\u00f2rsega m\u00e9s detallada <strong><a href=\"http:\/\/sostremetries.cat\/index.php\/765-2\/\" target=\"_blank\" rel=\"noreferrer noopener\">aqu\u00ed<\/a><\/strong>.<\/p>\n<\/div>\n\n\n\n<div class=\"wp-block-column is-layout-flow wp-block-column-is-layout-flow\"><\/div>\n<\/div>\n\n\n\n<p class=\"has-gray-color has-text-color has-link-color wp-elements-75bdcaf3a1cea27fa1984c969d00706f\" style=\"font-size:20px\"><strong>Campanya 2023<\/strong> <strong>&#8211; <\/strong>Tresmils dels Pirineus i sostre comarcal del Baix Empord\u00e0<\/p>\n\n\n\n<div class=\"wp-block-columns is-layout-flex wp-container-core-columns-is-layout-9d6595d7 wp-block-columns-is-layout-flex\">\n<div class=\"wp-block-column is-layout-flow wp-block-column-is-layout-flow\">\n<figure class=\"wp-block-image size-full\"><img loading=\"lazy\" decoding=\"async\" width=\"750\" height=\"750\" src=\"http:\/\/sostremetries.cat\/wp-content\/uploads\/2025\/01\/1-SALENQUES.jpg\" alt=\"\" class=\"wp-image-653\" srcset=\"http:\/\/sostremetries.cat\/wp-content\/uploads\/2025\/01\/1-SALENQUES.jpg 750w, http:\/\/sostremetries.cat\/wp-content\/uploads\/2025\/01\/1-SALENQUES-300x300.jpg 300w, http:\/\/sostremetries.cat\/wp-content\/uploads\/2025\/01\/1-SALENQUES-150x150.jpg 150w\" sizes=\"auto, (max-width: 750px) 100vw, 750px\" \/><\/figure>\n<\/div>\n\n\n\n<div class=\"wp-block-column is-layout-flow wp-block-column-is-layout-flow\">\n<figure class=\"wp-block-image size-full\"><img loading=\"lazy\" decoding=\"async\" width=\"750\" height=\"750\" src=\"http:\/\/sostremetries.cat\/wp-content\/uploads\/2025\/01\/2-FRONDELLA-SW.jpg\" alt=\"\" class=\"wp-image-654\" srcset=\"http:\/\/sostremetries.cat\/wp-content\/uploads\/2025\/01\/2-FRONDELLA-SW.jpg 750w, http:\/\/sostremetries.cat\/wp-content\/uploads\/2025\/01\/2-FRONDELLA-SW-300x300.jpg 300w, http:\/\/sostremetries.cat\/wp-content\/uploads\/2025\/01\/2-FRONDELLA-SW-150x150.jpg 150w\" sizes=\"auto, (max-width: 750px) 100vw, 750px\" \/><\/figure>\n<\/div>\n\n\n\n<div class=\"wp-block-column is-layout-flow wp-block-column-is-layout-flow\">\n<figure class=\"wp-block-image size-full\"><img loading=\"lazy\" decoding=\"async\" width=\"750\" height=\"750\" src=\"http:\/\/sostremetries.cat\/wp-content\/uploads\/2025\/01\/3-PUNTA-PASSET.jpg\" alt=\"\" class=\"wp-image-655\" srcset=\"http:\/\/sostremetries.cat\/wp-content\/uploads\/2025\/01\/3-PUNTA-PASSET.jpg 750w, http:\/\/sostremetries.cat\/wp-content\/uploads\/2025\/01\/3-PUNTA-PASSET-300x300.jpg 300w, http:\/\/sostremetries.cat\/wp-content\/uploads\/2025\/01\/3-PUNTA-PASSET-150x150.jpg 150w\" sizes=\"auto, (max-width: 750px) 100vw, 750px\" \/><\/figure>\n<\/div>\n\n\n\n<div class=\"wp-block-column is-layout-flow wp-block-column-is-layout-flow\">\n<figure class=\"wp-block-image size-full\"><img loading=\"lazy\" decoding=\"async\" width=\"750\" height=\"750\" src=\"http:\/\/sostremetries.cat\/wp-content\/uploads\/2025\/01\/4-PORTILLON.jpg\" alt=\"\" class=\"wp-image-656\" srcset=\"http:\/\/sostremetries.cat\/wp-content\/uploads\/2025\/01\/4-PORTILLON.jpg 750w, http:\/\/sostremetries.cat\/wp-content\/uploads\/2025\/01\/4-PORTILLON-300x300.jpg 300w, http:\/\/sostremetries.cat\/wp-content\/uploads\/2025\/01\/4-PORTILLON-150x150.jpg 150w\" sizes=\"auto, (max-width: 750px) 100vw, 750px\" \/><\/figure>\n<\/div>\n<\/div>\n\n\n\n<div class=\"wp-block-columns is-layout-flex wp-container-core-columns-is-layout-9d6595d7 wp-block-columns-is-layout-flex\">\n<div class=\"wp-block-column is-layout-flow wp-block-column-is-layout-flow\">\n<figure class=\"wp-block-image size-full\"><img loading=\"lazy\" decoding=\"async\" width=\"750\" height=\"750\" src=\"http:\/\/sostremetries.cat\/wp-content\/uploads\/2025\/01\/5-PIEDRAS-ALBAS.jpg\" alt=\"\" class=\"wp-image-657\" srcset=\"http:\/\/sostremetries.cat\/wp-content\/uploads\/2025\/01\/5-PIEDRAS-ALBAS.jpg 750w, http:\/\/sostremetries.cat\/wp-content\/uploads\/2025\/01\/5-PIEDRAS-ALBAS-300x300.jpg 300w, http:\/\/sostremetries.cat\/wp-content\/uploads\/2025\/01\/5-PIEDRAS-ALBAS-150x150.jpg 150w\" sizes=\"auto, (max-width: 750px) 100vw, 750px\" \/><\/figure>\n<\/div>\n\n\n\n<div class=\"wp-block-column is-layout-flow wp-block-column-is-layout-flow\">\n<figure class=\"wp-block-image size-full\"><img loading=\"lazy\" decoding=\"async\" width=\"750\" height=\"750\" src=\"http:\/\/sostremetries.cat\/wp-content\/uploads\/2025\/01\/6-CREGUENA.jpg\" alt=\"\" class=\"wp-image-658\" srcset=\"http:\/\/sostremetries.cat\/wp-content\/uploads\/2025\/01\/6-CREGUENA.jpg 750w, http:\/\/sostremetries.cat\/wp-content\/uploads\/2025\/01\/6-CREGUENA-300x300.jpg 300w, http:\/\/sostremetries.cat\/wp-content\/uploads\/2025\/01\/6-CREGUENA-150x150.jpg 150w\" sizes=\"auto, (max-width: 750px) 100vw, 750px\" \/><\/figure>\n<\/div>\n\n\n\n<div class=\"wp-block-column is-layout-flow wp-block-column-is-layout-flow\">\n<figure class=\"wp-block-image size-full\"><img loading=\"lazy\" decoding=\"async\" width=\"750\" height=\"750\" src=\"http:\/\/sostremetries.cat\/wp-content\/uploads\/2025\/01\/7-GIAS-INFERIOR.jpg\" alt=\"\" class=\"wp-image-659\" srcset=\"http:\/\/sostremetries.cat\/wp-content\/uploads\/2025\/01\/7-GIAS-INFERIOR.jpg 750w, http:\/\/sostremetries.cat\/wp-content\/uploads\/2025\/01\/7-GIAS-INFERIOR-300x300.jpg 300w, http:\/\/sostremetries.cat\/wp-content\/uploads\/2025\/01\/7-GIAS-INFERIOR-150x150.jpg 150w\" sizes=\"auto, (max-width: 750px) 100vw, 750px\" \/><\/figure>\n<\/div>\n\n\n\n<div class=\"wp-block-column is-layout-flow wp-block-column-is-layout-flow\">\n<figure class=\"wp-block-image size-full\"><img loading=\"lazy\" decoding=\"async\" width=\"750\" height=\"750\" src=\"http:\/\/sostremetries.cat\/wp-content\/uploads\/2025\/01\/8-CLARABIDE-OCC.jpg\" alt=\"\" class=\"wp-image-660\" srcset=\"http:\/\/sostremetries.cat\/wp-content\/uploads\/2025\/01\/8-CLARABIDE-OCC.jpg 750w, http:\/\/sostremetries.cat\/wp-content\/uploads\/2025\/01\/8-CLARABIDE-OCC-300x300.jpg 300w, http:\/\/sostremetries.cat\/wp-content\/uploads\/2025\/01\/8-CLARABIDE-OCC-150x150.jpg 150w\" sizes=\"auto, (max-width: 750px) 100vw, 750px\" \/><\/figure>\n<\/div>\n<\/div>\n\n\n\n<div class=\"wp-block-columns is-layout-flex wp-container-core-columns-is-layout-9d6595d7 wp-block-columns-is-layout-flex\">\n<div class=\"wp-block-column is-layout-flow wp-block-column-is-layout-flow\">\n<figure class=\"wp-block-image size-full\"><img loading=\"lazy\" decoding=\"async\" width=\"750\" height=\"750\" src=\"http:\/\/sostremetries.cat\/wp-content\/uploads\/2025\/01\/9-GAVARRA.jpg\" alt=\"\" class=\"wp-image-661\" srcset=\"http:\/\/sostremetries.cat\/wp-content\/uploads\/2025\/01\/9-GAVARRA.jpg 750w, http:\/\/sostremetries.cat\/wp-content\/uploads\/2025\/01\/9-GAVARRA-300x300.jpg 300w, http:\/\/sostremetries.cat\/wp-content\/uploads\/2025\/01\/9-GAVARRA-150x150.jpg 150w\" sizes=\"auto, (max-width: 750px) 100vw, 750px\" \/><\/figure>\n<\/div>\n\n\n\n<div class=\"wp-block-column is-layout-flow wp-block-column-is-layout-flow\">\n<figure class=\"wp-block-image size-full\"><img loading=\"lazy\" decoding=\"async\" width=\"750\" height=\"750\" src=\"http:\/\/sostremetries.cat\/wp-content\/uploads\/2025\/01\/10-AIGUABONA.jpg\" alt=\"\" class=\"wp-image-662\" srcset=\"http:\/\/sostremetries.cat\/wp-content\/uploads\/2025\/01\/10-AIGUABONA.jpg 750w, http:\/\/sostremetries.cat\/wp-content\/uploads\/2025\/01\/10-AIGUABONA-300x300.jpg 300w, http:\/\/sostremetries.cat\/wp-content\/uploads\/2025\/01\/10-AIGUABONA-150x150.jpg 150w\" sizes=\"auto, (max-width: 750px) 100vw, 750px\" \/><\/figure>\n<\/div>\n\n\n\n<div class=\"wp-block-column is-layout-flow wp-block-column-is-layout-flow\"><\/div>\n\n\n\n<div class=\"wp-block-column is-layout-flow wp-block-column-is-layout-flow\"><\/div>\n<\/div>\n\n\n\n<p class=\"has-medium-font-size\"><strong>Campanya 2022<\/strong> &#8211; Tresmils dels Pirineus, Cerdanya i Montseny<\/p>\n\n\n\n<div class=\"wp-block-columns is-layout-flex wp-container-core-columns-is-layout-9d6595d7 wp-block-columns-is-layout-flex\">\n<div class=\"wp-block-column is-layout-flow wp-block-column-is-layout-flow\">\n<figure class=\"wp-block-image size-full\"><img loading=\"lazy\" decoding=\"async\" width=\"750\" height=\"750\" src=\"http:\/\/sostremetries.cat\/wp-content\/uploads\/2025\/01\/22-1-AGUDES.jpg\" alt=\"\" class=\"wp-image-666\" srcset=\"http:\/\/sostremetries.cat\/wp-content\/uploads\/2025\/01\/22-1-AGUDES.jpg 750w, http:\/\/sostremetries.cat\/wp-content\/uploads\/2025\/01\/22-1-AGUDES-300x300.jpg 300w, http:\/\/sostremetries.cat\/wp-content\/uploads\/2025\/01\/22-1-AGUDES-150x150.jpg 150w\" sizes=\"auto, (max-width: 750px) 100vw, 750px\" \/><\/figure>\n<\/div>\n\n\n\n<div class=\"wp-block-column is-layout-flow wp-block-column-is-layout-flow\">\n<figure class=\"wp-block-image size-full\"><img loading=\"lazy\" decoding=\"async\" width=\"750\" height=\"750\" src=\"http:\/\/sostremetries.cat\/wp-content\/uploads\/2025\/01\/22-2-T.HOME_.jpg\" alt=\"\" class=\"wp-image-667\" srcset=\"http:\/\/sostremetries.cat\/wp-content\/uploads\/2025\/01\/22-2-T.HOME_.jpg 750w, http:\/\/sostremetries.cat\/wp-content\/uploads\/2025\/01\/22-2-T.HOME_-300x300.jpg 300w, http:\/\/sostremetries.cat\/wp-content\/uploads\/2025\/01\/22-2-T.HOME_-150x150.jpg 150w\" sizes=\"auto, (max-width: 750px) 100vw, 750px\" \/><\/figure>\n<\/div>\n\n\n\n<div class=\"wp-block-column is-layout-flow wp-block-column-is-layout-flow\">\n<figure class=\"wp-block-image size-full\"><img loading=\"lazy\" decoding=\"async\" width=\"750\" height=\"750\" src=\"http:\/\/sostremetries.cat\/wp-content\/uploads\/2025\/01\/22-3-TPL.jpg\" alt=\"\" class=\"wp-image-668\" srcset=\"http:\/\/sostremetries.cat\/wp-content\/uploads\/2025\/01\/22-3-TPL.jpg 750w, http:\/\/sostremetries.cat\/wp-content\/uploads\/2025\/01\/22-3-TPL-300x300.jpg 300w, http:\/\/sostremetries.cat\/wp-content\/uploads\/2025\/01\/22-3-TPL-150x150.jpg 150w\" sizes=\"auto, (max-width: 750px) 100vw, 750px\" \/><\/figure>\n<\/div>\n\n\n\n<div class=\"wp-block-column is-layout-flow wp-block-column-is-layout-flow\">\n<figure class=\"wp-block-image size-full\"><img loading=\"lazy\" decoding=\"async\" width=\"750\" height=\"750\" src=\"http:\/\/sostremetries.cat\/wp-content\/uploads\/2025\/01\/22-4-ARNALES.jpg\" alt=\"\" class=\"wp-image-652\" srcset=\"http:\/\/sostremetries.cat\/wp-content\/uploads\/2025\/01\/22-4-ARNALES.jpg 750w, http:\/\/sostremetries.cat\/wp-content\/uploads\/2025\/01\/22-4-ARNALES-300x300.jpg 300w, http:\/\/sostremetries.cat\/wp-content\/uploads\/2025\/01\/22-4-ARNALES-150x150.jpg 150w\" sizes=\"auto, (max-width: 750px) 100vw, 750px\" \/><\/figure>\n<\/div>\n<\/div>\n\n\n\n<p class=\"has-medium-font-size\"><strong>Campanya 2021<\/strong> &#8211; Tresmils dels Pirineus i Pedraforca<\/p>\n\n\n\n<div class=\"wp-block-columns is-layout-flex wp-container-core-columns-is-layout-9d6595d7 wp-block-columns-is-layout-flex\">\n<div class=\"wp-block-column is-layout-flow wp-block-column-is-layout-flow\">\n<figure class=\"wp-block-image size-full\"><img loading=\"lazy\" decoding=\"async\" width=\"750\" height=\"750\" src=\"http:\/\/sostremetries.cat\/wp-content\/uploads\/2025\/01\/21-1-BESI.jpg\" alt=\"\" class=\"wp-image-664\" srcset=\"http:\/\/sostremetries.cat\/wp-content\/uploads\/2025\/01\/21-1-BESI.jpg 750w, http:\/\/sostremetries.cat\/wp-content\/uploads\/2025\/01\/21-1-BESI-300x300.jpg 300w, http:\/\/sostremetries.cat\/wp-content\/uploads\/2025\/01\/21-1-BESI-150x150.jpg 150w\" sizes=\"auto, (max-width: 750px) 100vw, 750px\" \/><\/figure>\n<\/div>\n\n\n\n<div class=\"wp-block-column is-layout-flow wp-block-column-is-layout-flow\">\n<figure class=\"wp-block-image size-full\"><img loading=\"lazy\" decoding=\"async\" width=\"750\" height=\"750\" src=\"http:\/\/sostremetries.cat\/wp-content\/uploads\/2025\/01\/21-2-PEDRA.jpg\" alt=\"\" class=\"wp-image-665\" srcset=\"http:\/\/sostremetries.cat\/wp-content\/uploads\/2025\/01\/21-2-PEDRA.jpg 750w, http:\/\/sostremetries.cat\/wp-content\/uploads\/2025\/01\/21-2-PEDRA-300x300.jpg 300w, http:\/\/sostremetries.cat\/wp-content\/uploads\/2025\/01\/21-2-PEDRA-150x150.jpg 150w\" sizes=\"auto, (max-width: 750px) 100vw, 750px\" \/><\/figure>\n<\/div>\n\n\n\n<div class=\"wp-block-column is-layout-flow wp-block-column-is-layout-flow\"><\/div>\n\n\n\n<div class=\"wp-block-column is-layout-flow wp-block-column-is-layout-flow\"><\/div>\n<\/div>\n\n\n\n<p class=\"has-medium-font-size\"><strong>Campanya 2020<\/strong> &#8211; Els inicis<\/p>\n\n\n\n<div class=\"wp-block-columns is-layout-flex wp-container-core-columns-is-layout-9d6595d7 wp-block-columns-is-layout-flex\">\n<div class=\"wp-block-column is-layout-flow wp-block-column-is-layout-flow\">\n<figure class=\"wp-block-image size-full\"><img loading=\"lazy\" decoding=\"async\" width=\"750\" height=\"750\" src=\"http:\/\/sostremetries.cat\/wp-content\/uploads\/2025\/01\/20-1-ROCA.jpg\" alt=\"\" class=\"wp-image-663\" srcset=\"http:\/\/sostremetries.cat\/wp-content\/uploads\/2025\/01\/20-1-ROCA.jpg 750w, http:\/\/sostremetries.cat\/wp-content\/uploads\/2025\/01\/20-1-ROCA-300x300.jpg 300w, http:\/\/sostremetries.cat\/wp-content\/uploads\/2025\/01\/20-1-ROCA-150x150.jpg 150w\" sizes=\"auto, (max-width: 750px) 100vw, 750px\" \/><\/figure>\n<\/div>\n\n\n\n<div class=\"wp-block-column is-layout-flow wp-block-column-is-layout-flow\"><\/div>\n\n\n\n<div class=\"wp-block-column is-layout-flow wp-block-column-is-layout-flow\"><\/div>\n\n\n\n<div class=\"wp-block-column is-layout-flow wp-block-column-is-layout-flow\"><\/div>\n<\/div>\n","protected":false},"excerpt":{"rendered":"<p>Campanya 2024 &#8211; Dosmils de C\u00f2rsega Podeu consultar la llisa de dosmils de C\u00f2rsega m\u00e9s detallada aqu\u00ed. Campanya 2023 &#8211; Tresmils dels Pirineus i sostre comarcal del Baix Empord\u00e0 Campanya 2022 &#8211; Tresmils dels Pirineus, Cerdanya i Montseny Campanya 2021 &#8211; Tresmils dels Pirineus i Pedraforca Campanya 2020 &#8211; Els inicis<\/p>\n","protected":false},"author":1,"featured_media":0,"parent":0,"menu_order":0,"comment_status":"closed","ping_status":"closed","template":"","meta":{"footnotes":""},"class_list":["post-740","page","type-page","status-publish","hentry"],"_links":{"self":[{"href":"http:\/\/sostremetries.cat\/index.php\/wp-json\/wp\/v2\/pages\/740","targetHints":{"allow":["GET"]}}],"collection":[{"href":"http:\/\/sostremetries.cat\/index.php\/wp-json\/wp\/v2\/pages"}],"about":[{"href":"http:\/\/sostremetries.cat\/index.php\/wp-json\/wp\/v2\/types\/page"}],"author":[{"embeddable":true,"href":"http:\/\/sostremetries.cat\/index.php\/wp-json\/wp\/v2\/users\/1"}],"replies":[{"embeddable":true,"href":"http:\/\/sostremetries.cat\/index.php\/wp-json\/wp\/v2\/comments?post=740"}],"version-history":[{"count":4,"href":"http:\/\/sostremetries.cat\/index.php\/wp-json\/wp\/v2\/pages\/740\/revisions"}],"predecessor-version":[{"id":771,"href":"http:\/\/sostremetries.cat\/index.php\/wp-json\/wp\/v2\/pages\/740\/revisions\/771"}],"wp:attachment":[{"href":"http:\/\/sostremetries.cat\/index.php\/wp-json\/wp\/v2\/media?parent=740"}],"curies":[{"name":"wp","href":"https:\/\/api.w.org\/{rel}","templated":true}]}}